{"id":3136,"date":"2020-03-12T19:52:52","date_gmt":"2020-03-12T18:52:52","guid":{"rendered":"http:\/\/kmim.wm.pwr.edu.pl\/stabla\/?page_id=3136"},"modified":"2023-11-17T22:06:22","modified_gmt":"2023-11-17T21:06:22","slug":"dydaktyka","status":"publish","type":"page","link":"https:\/\/kmim.wm.pwr.edu.pl\/stabla\/dydaktyka\/","title":{"rendered":"Dydaktyka"},"content":{"rendered":"<p><strong>Wytrzyma\u0142o\u015b\u0107 Materia\u0142\u00f3w &#8211; 30h<\/strong><\/p>\n<p>Lista zada\u0144: <a href=\"https:\/\/politechnikawroclawska-my.sharepoint.com\/personal\/michal_smolnicki_pwr_edu_pl\/_layouts\/15\/onedrive.aspx?id=%2Fpersonal%2Fmichal%5Fsmolnicki%5Fpwr%5Fedu%5Fpl%2FDocuments%2FWM%5Flists%5Fv2023%2E0%2E3%2Epdf&amp;parent=%2Fpersonal%2Fmichal%5Fsmolnicki%5Fpwr%5Fedu%5Fpl%2FDocuments&amp;ga=1\">Lista zada\u0144 WM 30h<\/a><br \/>\nHas\u0142o dost\u0119pu zosta\u0142o podane na zaj\u0119ciach.<\/p>\n<p><strong>Materia\u0142y do nauki kursu Mechanika 1<\/strong><\/p>\n<p>Ksi\u0105\u017cki i zbiory zada\u0144 dost\u0119pne online:<\/p>\n<ol>\n<li>Giergiel J., Zbi\u00f3r zada\u0144 z&nbsp;mechaniki og\u00f3lnej, Wyd. AGH,&nbsp;<strong><a href=\"http:\/\/winntbg.bg.agh.edu.pl\/skrypty\/0012\/\">dost\u0119p elektroniczny<\/a><\/strong><\/li>\n<li>Iwulski Z.,&nbsp;&nbsp;Wyznaczanie si\u0142 tn\u0105cych i&nbsp;moment\u00f3w zginaj\u0105cych w&nbsp;belkach : zadania z&nbsp;rozwi\u0105zaniami, Wyd. AGH,&nbsp;<strong><a href=\"http:\/\/winntbg.bg.agh.edu.pl\/skrypty2\/0058\/index.php\">dost\u0119p elektroniczny<\/a><\/strong><\/li>\n<li>Giergiel J., G\u0142uch L., \u0141opata A., Zbi\u00f3r zada\u0144 z&nbsp;mechaniki: metodyka rozwi\u0105za\u0144, Wyd. AGH,&nbsp;<strong><a href=\"http:\/\/winntbg.bg.agh.edu.pl\/skrypty2\/0071\/index.php\">dost\u0119p elektroniczny<\/a><\/strong><\/li>\n<\/ol>\n<p>&nbsp;<\/p>\n<h3><strong>Formularz kontaktowy<\/strong><\/h3>\n\n<div class=\"wpcf7 no-js\" id=\"wpcf7-f3156-o1\" lang=\"pl-PL\" dir=\"ltr\" data-wpcf7-id=\"3156\">\n<div class=\"screen-reader-response\"><p role=\"status\" aria-live=\"polite\" aria-atomic=\"true\"><\/p> <ul><\/ul><\/div>\n<form action=\"\/stabla\/wp-json\/wp\/v2\/pages\/3136#wpcf7-f3156-o1\" method=\"post\" class=\"wpcf7-form init\" aria-label=\"Formularz kontaktowy\" novalidate=\"novalidate\" data-status=\"init\">\n<fieldset class=\"hidden-fields-container\"><input type=\"hidden\" name=\"_wpcf7\" value=\"3156\" \/><input type=\"hidden\" name=\"_wpcf7_version\" value=\"6.1.5\" \/><input type=\"hidden\" name=\"_wpcf7_locale\" value=\"pl_PL\" \/><input type=\"hidden\" name=\"_wpcf7_unit_tag\" value=\"wpcf7-f3156-o1\" \/><input type=\"hidden\" name=\"_wpcf7_container_post\" value=\"0\" \/><input type=\"hidden\" name=\"_wpcf7_posted_data_hash\" value=\"\" \/>\n<\/fieldset>\n<p><label> Imi\u0119 i nazwisko (wymagane)<br \/>\n<span class=\"wpcf7-form-control-wrap\" data-name=\"your-name\"><input size=\"40\" maxlength=\"400\" class=\"wpcf7-form-control wpcf7-text wpcf7-validates-as-required\" aria-required=\"true\" aria-invalid=\"false\" value=\"\" type=\"text\" name=\"your-name\" \/><\/span> <\/label>\n<\/p>\n<p><label> Adres email (wymagane)<br \/>\n<span class=\"wpcf7-form-control-wrap\" data-name=\"your-email\"><input size=\"40\" maxlength=\"400\" class=\"wpcf7-form-control wpcf7-email wpcf7-validates-as-required wpcf7-text wpcf7-validates-as-email\" aria-required=\"true\" aria-invalid=\"false\" value=\"\" type=\"email\" name=\"your-email\" \/><\/span> <\/label>\n<\/p>\n<p><label> Temat<br \/>\n<span class=\"wpcf7-form-control-wrap\" data-name=\"your-subject\"><input size=\"40\" maxlength=\"400\" class=\"wpcf7-form-control wpcf7-text\" aria-invalid=\"false\" value=\"\" type=\"text\" name=\"your-subject\" \/><\/span> <\/label>\n<\/p>\n<p><label> Tre\u015b\u0107 wiadomo\u015bci<br \/>\n<span class=\"wpcf7-form-control-wrap\" data-name=\"your-message\"><textarea cols=\"40\" rows=\"10\" maxlength=\"2000\" class=\"wpcf7-form-control wpcf7-textarea\" aria-invalid=\"false\" name=\"your-message\"><\/textarea><\/span> <\/label>\n<\/p>\n<p><input class=\"wpcf7-form-control wpcf7-submit has-spinner\" type=\"submit\" value=\"Wy\u015blij\" \/>\n<\/p><div class=\"wpcf7-response-output\" aria-hidden=\"true\"><\/div>\n<\/form>\n<\/div>\n\n<p>&nbsp;<\/p>\n","protected":false},"excerpt":{"rendered":"<p>Wytrzyma\u0142o\u015b\u0107 Materia\u0142\u00f3w &#8211; 30h Lista zada\u0144: Lista zada\u0144 WM 30h Has\u0142o dost\u0119pu zosta\u0142o podane na zaj\u0119ciach. Materia\u0142y do nauki kursu Mechanika 1 Ksi\u0105\u017cki i zbiory zada\u0144 dost\u0119pne online: Giergiel J., Zbi\u00f3r zada\u0144 z&nbsp;mechaniki og\u00f3lnej, Wyd. AGH,&nbsp;dost\u0119p elektroniczny Iwulski Z.,&nbsp;&nbsp;Wyznaczanie si\u0142 tn\u0105cych i&nbsp;moment\u00f3w zginaj\u0105cych w&nbsp;belkach : zadania z&nbsp;rozwi\u0105zaniami, Wyd. AGH,&nbsp;dost\u0119p elektroniczny Giergiel J., G\u0142uch L., \u0141opata &hellip; <a href=\"https:\/\/kmim.wm.pwr.edu.pl\/stabla\/dydaktyka\/\" class=\"more-link\">Czytaj dalej <span class=\"screen-reader-text\">Dydaktyka<\/span> <span class=\"meta-nav\">&rarr;<\/span><\/a><\/p>\n","protected":false},"author":67,"featured_media":0,"parent":0,"menu_order":0,"comment_status":"closed","ping_status":"closed","template":"","meta":{"ngg_post_thumbnail":0,"footnotes":""},"class_list":["post-3136","page","type-page","status-publish","hentry"],"publishpress_future_action":{"enabled":false,"date":"2026-04-24 18:25:42","action":"change-status","newStatus":"draft","terms":[],"taxonomy":"language","extraData":[]},"publishpress_future_workflow_manual_trigger":{"enabledWorkflows":[]},"_links":{"self":[{"href":"https:\/\/kmim.wm.pwr.edu.pl\/stabla\/wp-json\/wp\/v2\/pages\/3136","targetHints":{"allow":["GET"]}}],"collection":[{"href":"https:\/\/kmim.wm.pwr.edu.pl\/stabla\/wp-json\/wp\/v2\/pages"}],"about":[{"href":"https:\/\/kmim.wm.pwr.edu.pl\/stabla\/wp-json\/wp\/v2\/types\/page"}],"author":[{"embeddable":true,"href":"https:\/\/kmim.wm.pwr.edu.pl\/stabla\/wp-json\/wp\/v2\/users\/67"}],"replies":[{"embeddable":true,"href":"https:\/\/kmim.wm.pwr.edu.pl\/stabla\/wp-json\/wp\/v2\/comments?post=3136"}],"version-history":[{"count":21,"href":"https:\/\/kmim.wm.pwr.edu.pl\/stabla\/wp-json\/wp\/v2\/pages\/3136\/revisions"}],"predecessor-version":[{"id":4529,"href":"https:\/\/kmim.wm.pwr.edu.pl\/stabla\/wp-json\/wp\/v2\/pages\/3136\/revisions\/4529"}],"wp:attachment":[{"href":"https:\/\/kmim.wm.pwr.edu.pl\/stabla\/wp-json\/wp\/v2\/media?parent=3136"}],"curies":[{"name":"wp","href":"https:\/\/api.w.org\/{rel}","templated":true}]}}