{"id":1242,"date":"2015-10-11T18:46:00","date_gmt":"2015-10-11T16:46:00","guid":{"rendered":"http:\/\/kmim.wm.pwr.edu.pl\/szczurek\/?page_id=1242"},"modified":"2018-06-05T05:13:12","modified_gmt":"2018-06-05T03:13:12","slug":"technologie-informacyjne","status":"publish","type":"page","link":"https:\/\/kmim.wm.pwr.edu.pl\/szczurek\/dydaktyka\/technologie-informacyjne\/","title":{"rendered":"Technologie informacyjne"},"content":{"rendered":"<p><a href=\"https:\/\/kmim.wm.pwr.edu.pl\/myszka\/dydaktyka\/technologie-informacyjne\/zip-zpm032003\/projekt\/laboratorium-2-zip-spisy-wzory-bibliografia\/\">Link do instrukcji Doktora W. Myszki, dotycz\u0105cej Zotero (nale\u017cy odnale\u017a\u0107 punkt 3.4)<\/a><\/p>\n<p><a href=\"https:\/\/webdysk-ng.e-science.pl\/public\/92bd236c600c440ab4a17665647ecd9e\">kolokwium 20.03.2018<\/a><\/p>\n<p><a href=\"https:\/\/webdysk-ng.e-science.pl\/public\/64789d5a7b234c05bfd2f92f424781cc\">kolokwium 22.03.2018<\/a><\/p>\n<p><a href=\"https:\/\/webdysk-ng.e-science.pl\/public\/cc9a7b3e2d464d0c8ab85908f3314214\">kolokwium 10.04.2018<\/a><\/p>\n<p><a href=\"https:\/\/webdysk-ng.e-science.pl\/public\/26aa4659b4004ef4a2542a4e82d3a163\">kolokwium&nbsp; 17.05.2018<\/a><\/p>\n<p><a href=\"https:\/\/webdysk-ng.e-science.pl\/public\/511f14535d5d41b4a3eadbd04c82356d\">kolokwium 10.05.2018<\/a><\/p>\n<p><a href=\"https:\/\/webdysk-ng.e-science.pl\/public\/3c713989b96946e885d5bb8db8b312b7\">kolokwium 22.05.2018<\/a><\/p>\n<p><a href=\"https:\/\/webdysk-ng.e-science.pl\/public\/b4319df61ec64313b30b931c5aa2e014\">kolokwium 05.06.2018<\/a><\/p>\n<p><a href=\"https:\/\/webdysk-ng.e-science.pl\/public\/b0a931248fd348f5966fd99a078831a1\">Calc &#8211; podstawy<\/a><\/p>\n<p><a href=\"https:\/\/webdysk-ng.e-science.pl\/public\/6e427168f6a4410a9bb2078f352c7c68\">Calc &#8211; rozsz..erzenie<\/a><\/p>\n<p><a href=\"https:\/\/blockly-games.appspot.com\/\">blocky-games<\/a><\/p>\n<p><a href=\"http:\/\/www.immt.pwr.wroc.pl\/~myszka\/MCM1001\/L04\/l04.pdf\">Link do instrukcji Doktora W. Myszki dotycz\u0105cej Pythona<\/a><\/p>\n","protected":false},"excerpt":{"rendered":"<p>Link do instrukcji Doktora W. Myszki, dotycz\u0105cej Zotero (nale\u017cy odnale\u017a\u0107 punkt 3.4) kolokwium 20.03.2018 kolokwium 22.03.2018 kolokwium 10.04.2018 kolokwium&nbsp; 17.05.2018 kolokwium 10.05.2018 kolokwium 22.05.2018 kolokwium 05.06.2018 Calc &#8211; podstawy Calc &#8211; rozsz..erzenie blocky-games Link do instrukcji Doktora W. Myszki dotycz\u0105cej Pythona<\/p>\n","protected":false},"author":37,"featured_media":0,"parent":1238,"menu_order":0,"comment_status":"closed","ping_status":"closed","template":"","meta":{"ngg_post_thumbnail":0,"footnotes":""},"class_list":["post-1242","page","type-page","status-publish","hentry"],"publishpress_future_action":{"enabled":false,"date":"2026-04-25 16:38:36","action":"change-status","newStatus":"draft","terms":[],"taxonomy":"language","extraData":[]},"publishpress_future_workflow_manual_trigger":{"enabledWorkflows":[]},"_links":{"self":[{"href":"https:\/\/kmim.wm.pwr.edu.pl\/szczurek\/wp-json\/wp\/v2\/pages\/1242","targetHints":{"allow":["GET"]}}],"collection":[{"href":"https:\/\/kmim.wm.pwr.edu.pl\/szczurek\/wp-json\/wp\/v2\/pages"}],"about":[{"href":"https:\/\/kmim.wm.pwr.edu.pl\/szczurek\/wp-json\/wp\/v2\/types\/page"}],"author":[{"embeddable":true,"href":"https:\/\/kmim.wm.pwr.edu.pl\/szczurek\/wp-json\/wp\/v2\/users\/37"}],"replies":[{"embeddable":true,"href":"https:\/\/kmim.wm.pwr.edu.pl\/szczurek\/wp-json\/wp\/v2\/comments?post=1242"}],"version-history":[{"count":40,"href":"https:\/\/kmim.wm.pwr.edu.pl\/szczurek\/wp-json\/wp\/v2\/pages\/1242\/revisions"}],"predecessor-version":[{"id":1553,"href":"https:\/\/kmim.wm.pwr.edu.pl\/szczurek\/wp-json\/wp\/v2\/pages\/1242\/revisions\/1553"}],"up":[{"embeddable":true,"href":"https:\/\/kmim.wm.pwr.edu.pl\/szczurek\/wp-json\/wp\/v2\/pages\/1238"}],"wp:attachment":[{"href":"https:\/\/kmim.wm.pwr.edu.pl\/szczurek\/wp-json\/wp\/v2\/media?parent=1242"}],"curies":[{"name":"wp","href":"https:\/\/api.w.org\/{rel}","templated":true}]}}