{"id":4385,"date":"2020-03-19T12:19:16","date_gmt":"2020-03-19T11:19:16","guid":{"rendered":"http:\/\/kmim.wm.pwr.edu.pl\/wachtarczyk\/?page_id=4385"},"modified":"2020-03-19T12:32:20","modified_gmt":"2020-03-19T11:32:20","slug":"dydaktyka","status":"publish","type":"page","link":"https:\/\/kmim.wm.pwr.edu.pl\/wachtarczyk\/dydaktyka\/","title":{"rendered":"Dydaktyka"},"content":{"rendered":"<p>Tutaj b\u0119d\u0105 pojawia\u0107 si\u0119 iinformacje odno\u015bnie prowadzonych przeze mnie zaj\u0119\u0107 dydaktycznych.<\/p>\n<p>Sprawy bie\u017c\u0105ce dotycz\u0105ce organizacji zaj\u0119\u0107 pojawia\u0107 si\u0119 b\u0119d\u0105 jako <a href=\"https:\/\/kmim.wm.pwr.edu.pl\/wachtarczyk\/category\/dydaktyka-pl\/\">wpisy<\/a>.<\/p>\n","protected":false},"excerpt":{"rendered":"<p>Tutaj b\u0119d\u0105 pojawia\u0107 si\u0119 iinformacje odno\u015bnie prowadzonych przeze mnie zaj\u0119\u0107 dydaktycznych. Sprawy bie\u017c\u0105ce dotycz\u0105ce organizacji zaj\u0119\u0107 pojawia\u0107 si\u0119 b\u0119d\u0105 jako wpisy.<\/p>\n","protected":false},"author":90,"featured_media":0,"parent":0,"menu_order":0,"comment_status":"closed","ping_status":"closed","template":"","meta":{"ngg_post_thumbnail":0,"footnotes":""},"class_list":["post-4385","page","type-page","status-publish","hentry"],"publishpress_future_action":{"enabled":false,"date":"2026-04-27 22:08:49","action":"change-status","newStatus":"draft","terms":[],"taxonomy":"language","extraData":[]},"publishpress_future_workflow_manual_trigger":{"enabledWorkflows":[]},"_links":{"self":[{"href":"https:\/\/kmim.wm.pwr.edu.pl\/wachtarczyk\/wp-json\/wp\/v2\/pages\/4385","targetHints":{"allow":["GET"]}}],"collection":[{"href":"https:\/\/kmim.wm.pwr.edu.pl\/wachtarczyk\/wp-json\/wp\/v2\/pages"}],"about":[{"href":"https:\/\/kmim.wm.pwr.edu.pl\/wachtarczyk\/wp-json\/wp\/v2\/types\/page"}],"author":[{"embeddable":true,"href":"https:\/\/kmim.wm.pwr.edu.pl\/wachtarczyk\/wp-json\/wp\/v2\/users\/90"}],"replies":[{"embeddable":true,"href":"https:\/\/kmim.wm.pwr.edu.pl\/wachtarczyk\/wp-json\/wp\/v2\/comments?post=4385"}],"version-history":[{"count":3,"href":"https:\/\/kmim.wm.pwr.edu.pl\/wachtarczyk\/wp-json\/wp\/v2\/pages\/4385\/revisions"}],"predecessor-version":[{"id":4393,"href":"https:\/\/kmim.wm.pwr.edu.pl\/wachtarczyk\/wp-json\/wp\/v2\/pages\/4385\/revisions\/4393"}],"wp:attachment":[{"href":"https:\/\/kmim.wm.pwr.edu.pl\/wachtarczyk\/wp-json\/wp\/v2\/media?parent=4385"}],"curies":[{"name":"wp","href":"https:\/\/api.w.org\/{rel}","templated":true}]}}