{"id":2602,"date":"2020-03-25T14:18:14","date_gmt":"2020-03-25T13:18:14","guid":{"rendered":"http:\/\/kmim.wm.pwr.edu.pl\/zietek\/?page_id=2602"},"modified":"2020-04-16T16:52:21","modified_gmt":"2020-04-16T14:52:21","slug":"dydaktyka","status":"publish","type":"page","link":"https:\/\/kmim.wm.pwr.edu.pl\/zietek\/dydaktyka\/","title":{"rendered":"Dydaktyka"},"content":{"rendered":"<ul class=\"list-pages-shortcode child-pages\"><li class=\"page_item page-item-2604 page_item_has_children\"><a href=\"https:\/\/kmim.wm.pwr.edu.pl\/zietek\/dydaktyka\/mechanika-analityczna-slajdy\/\">Mechanika analityczna \u2014 slajdy<\/a>\n<ul class='children'>\n\t<li class=\"page_item page-item-2607\"><a href=\"https:\/\/kmim.wm.pwr.edu.pl\/zietek\/dydaktyka\/mechanika-analityczna-slajdy\/tematy-do-samodzielnego-przygotowania\/\">Tematy do samodzielnego przygotowania<\/a><\/li>\n<\/ul>\n<\/li>\n<li class=\"page_item page-item-2609 page_item_has_children\"><a href=\"https:\/\/kmim.wm.pwr.edu.pl\/zietek\/dydaktyka\/rownania-rozniczkowe\/\">R\u00f3wnania r\u00f3\u017cniczkowe<\/a>\n<ul class='children'>\n\t<li class=\"page_item page-item-2612\"><a href=\"https:\/\/kmim.wm.pwr.edu.pl\/zietek\/dydaktyka\/rownania-rozniczkowe\/tematy-do-samodzielnego-przygotowania\/\">Tematy do samodzielnego przygotowania<\/a><\/li>\n<\/ul>\n<\/li>\n<\/ul>\n<p>Prosz\u0119 te\u017c zagl\u0105da\u0107 na stron\u0119 <a href=\"https:\/\/kmim.wm.pwr.edu.pl\/zietek\/wydarzenia\/\">Aktualno\u015bci<\/a>!<\/p>\n","protected":false},"excerpt":{"rendered":"<p>Prosz\u0119 te\u017c zagl\u0105da\u0107 na stron\u0119 Aktualno\u015bci!<\/p>\n","protected":false},"author":1,"featured_media":0,"parent":0,"menu_order":0,"comment_status":"closed","ping_status":"closed","template":"","meta":{"ngg_post_thumbnail":0,"footnotes":""},"class_list":["post-2602","page","type-page","status-publish","hentry"],"publishpress_future_action":{"enabled":false,"date":"2026-04-30 22:09:11","action":"change-status","newStatus":"draft","terms":[],"taxonomy":"language","extraData":[]},"publishpress_future_workflow_manual_trigger":{"enabledWorkflows":[]},"_links":{"self":[{"href":"https:\/\/kmim.wm.pwr.edu.pl\/zietek\/wp-json\/wp\/v2\/pages\/2602","targetHints":{"allow":["GET"]}}],"collection":[{"href":"https:\/\/kmim.wm.pwr.edu.pl\/zietek\/wp-json\/wp\/v2\/pages"}],"about":[{"href":"https:\/\/kmim.wm.pwr.edu.pl\/zietek\/wp-json\/wp\/v2\/types\/page"}],"author":[{"embeddable":true,"href":"https:\/\/kmim.wm.pwr.edu.pl\/zietek\/wp-json\/wp\/v2\/users\/1"}],"replies":[{"embeddable":true,"href":"https:\/\/kmim.wm.pwr.edu.pl\/zietek\/wp-json\/wp\/v2\/comments?post=2602"}],"version-history":[{"count":2,"href":"https:\/\/kmim.wm.pwr.edu.pl\/zietek\/wp-json\/wp\/v2\/pages\/2602\/revisions"}],"predecessor-version":[{"id":2627,"href":"https:\/\/kmim.wm.pwr.edu.pl\/zietek\/wp-json\/wp\/v2\/pages\/2602\/revisions\/2627"}],"wp:attachment":[{"href":"https:\/\/kmim.wm.pwr.edu.pl\/zietek\/wp-json\/wp\/v2\/media?parent=2602"}],"curies":[{"name":"wp","href":"https:\/\/api.w.org\/{rel}","templated":true}]}}