{"id":2609,"date":"2020-03-25T14:26:26","date_gmt":"2020-03-25T13:26:26","guid":{"rendered":"http:\/\/kmim.wm.pwr.edu.pl\/zietek\/?page_id=2609"},"modified":"2020-03-25T14:26:26","modified_gmt":"2020-03-25T13:26:26","slug":"rownania-rozniczkowe","status":"publish","type":"page","link":"https:\/\/kmim.wm.pwr.edu.pl\/zietek\/dydaktyka\/rownania-rozniczkowe\/","title":{"rendered":"R\u00f3wnania r\u00f3\u017cniczkowe"},"content":{"rendered":"<ul class=\"list-pages-shortcode child-pages\"><li class=\"page_item page-item-2612\"><a href=\"https:\/\/kmim.wm.pwr.edu.pl\/zietek\/dydaktyka\/rownania-rozniczkowe\/tematy-do-samodzielnego-przygotowania\/\">Tematy do samodzielnego przygotowania<\/a><\/li>\n<\/ul>\n","protected":false},"excerpt":{"rendered":"","protected":false},"author":1,"featured_media":0,"parent":2602,"menu_order":0,"comment_status":"closed","ping_status":"closed","template":"","meta":{"ngg_post_thumbnail":0,"footnotes":""},"class_list":["post-2609","page","type-page","status-publish","hentry"],"publishpress_future_action":{"enabled":false,"date":"2026-04-11 11:27:28","action":"change-status","newStatus":"draft","terms":[],"taxonomy":"language","extraData":[]},"publishpress_future_workflow_manual_trigger":{"enabledWorkflows":[]},"_links":{"self":[{"href":"https:\/\/kmim.wm.pwr.edu.pl\/zietek\/wp-json\/wp\/v2\/pages\/2609","targetHints":{"allow":["GET"]}}],"collection":[{"href":"https:\/\/kmim.wm.pwr.edu.pl\/zietek\/wp-json\/wp\/v2\/pages"}],"about":[{"href":"https:\/\/kmim.wm.pwr.edu.pl\/zietek\/wp-json\/wp\/v2\/types\/page"}],"author":[{"embeddable":true,"href":"https:\/\/kmim.wm.pwr.edu.pl\/zietek\/wp-json\/wp\/v2\/users\/1"}],"replies":[{"embeddable":true,"href":"https:\/\/kmim.wm.pwr.edu.pl\/zietek\/wp-json\/wp\/v2\/comments?post=2609"}],"version-history":[{"count":1,"href":"https:\/\/kmim.wm.pwr.edu.pl\/zietek\/wp-json\/wp\/v2\/pages\/2609\/revisions"}],"predecessor-version":[{"id":2610,"href":"https:\/\/kmim.wm.pwr.edu.pl\/zietek\/wp-json\/wp\/v2\/pages\/2609\/revisions\/2610"}],"up":[{"embeddable":true,"href":"https:\/\/kmim.wm.pwr.edu.pl\/zietek\/wp-json\/wp\/v2\/pages\/2602"}],"wp:attachment":[{"href":"https:\/\/kmim.wm.pwr.edu.pl\/zietek\/wp-json\/wp\/v2\/media?parent=2609"}],"curies":[{"name":"wp","href":"https:\/\/api.w.org\/{rel}","templated":true}]}}