{"id":2612,"date":"2020-03-25T14:29:46","date_gmt":"2020-03-25T13:29:46","guid":{"rendered":"http:\/\/kmim.wm.pwr.edu.pl\/zietek\/?page_id=2612"},"modified":"2020-04-16T16:56:06","modified_gmt":"2020-04-16T14:56:06","slug":"tematy-do-samodzielnego-przygotowania","status":"publish","type":"page","link":"https:\/\/kmim.wm.pwr.edu.pl\/zietek\/dydaktyka\/rownania-rozniczkowe\/tematy-do-samodzielnego-przygotowania\/","title":{"rendered":"Tematy do samodzielnego przygotowania"},"content":{"rendered":"<p>Tematy do samodzielnego przygotowania:<\/p>\n<ol>\n<li>R\u00f3wnanie Bernoulliego<\/li>\n<li>R\u00f3wnanie r\u00f3\u017cniczkowe zupe\u0142ne, czynnik ca\u0142kuj\u0105cy.<\/li>\n<\/ol>\n<p>W ramach \u0107wicze\u0144 nale\u017cy rozwi\u0105za\u0107 zadania 10.30-10.44, 11.3-11.28 i 11.76-11.136 ze zbioru zada\u0144: W. Krysicki, L. W\u0142odarski, \u201eAnaliza matematyczna w zadaniach\u201d, cz\u0119\u015b\u0107 II.<\/p>\n<p>Prosz\u0119 te\u017c zagl\u0105da\u0107 na stron\u0119 <a href=\"http:\/\/kmim.wm.pwr.edu.pl\/zietek\/wydarzenia\/\">aktualno\u015bci<\/a>.<\/p>\n","protected":false},"excerpt":{"rendered":"<p>Tematy do samodzielnego przygotowania: R\u00f3wnanie Bernoulliego R\u00f3wnanie r\u00f3\u017cniczkowe zupe\u0142ne, czynnik ca\u0142kuj\u0105cy. W ramach \u0107wicze\u0144 nale\u017cy rozwi\u0105za\u0107 zadania 10.30-10.44, 11.3-11.28 i 11.76-11.136 ze zbioru zada\u0144: W. Krysicki, L. W\u0142odarski, \u201eAnaliza matematyczna w zadaniach\u201d, cz\u0119\u015b\u0107 II. Prosz\u0119 te\u017c zagl\u0105da\u0107 na stron\u0119 aktualno\u015bci.<\/p>\n","protected":false},"author":1,"featured_media":0,"parent":2609,"menu_order":0,"comment_status":"closed","ping_status":"closed","template":"","meta":{"ngg_post_thumbnail":0,"footnotes":""},"class_list":["post-2612","page","type-page","status-publish","hentry"],"publishpress_future_action":{"enabled":false,"date":"2026-05-24 05:39:40","action":"change-status","newStatus":"draft","terms":[],"taxonomy":"language","extraData":[]},"publishpress_future_workflow_manual_trigger":{"enabledWorkflows":[]},"_links":{"self":[{"href":"https:\/\/kmim.wm.pwr.edu.pl\/zietek\/wp-json\/wp\/v2\/pages\/2612","targetHints":{"allow":["GET"]}}],"collection":[{"href":"https:\/\/kmim.wm.pwr.edu.pl\/zietek\/wp-json\/wp\/v2\/pages"}],"about":[{"href":"https:\/\/kmim.wm.pwr.edu.pl\/zietek\/wp-json\/wp\/v2\/types\/page"}],"author":[{"embeddable":true,"href":"https:\/\/kmim.wm.pwr.edu.pl\/zietek\/wp-json\/wp\/v2\/users\/1"}],"replies":[{"embeddable":true,"href":"https:\/\/kmim.wm.pwr.edu.pl\/zietek\/wp-json\/wp\/v2\/comments?post=2612"}],"version-history":[{"count":2,"href":"https:\/\/kmim.wm.pwr.edu.pl\/zietek\/wp-json\/wp\/v2\/pages\/2612\/revisions"}],"predecessor-version":[{"id":2630,"href":"https:\/\/kmim.wm.pwr.edu.pl\/zietek\/wp-json\/wp\/v2\/pages\/2612\/revisions\/2630"}],"up":[{"embeddable":true,"href":"https:\/\/kmim.wm.pwr.edu.pl\/zietek\/wp-json\/wp\/v2\/pages\/2609"}],"wp:attachment":[{"href":"https:\/\/kmim.wm.pwr.edu.pl\/zietek\/wp-json\/wp\/v2\/media?parent=2612"}],"curies":[{"name":"wp","href":"https:\/\/api.w.org\/{rel}","templated":true}]}}